{"id":6418,"date":"2019-01-08T16:04:10","date_gmt":"2019-01-08T16:04:10","guid":{"rendered":"https:\/\/chocolatesperuanos.com\/quienes-somos\/"},"modified":"2025-04-02T18:03:25","modified_gmt":"2025-04-02T23:03:25","slug":"who-we-are","status":"publish","type":"page","link":"https:\/\/chocolates.com.pe\/en\/who-we-are\/","title":{"rendered":"Who we are"},"content":{"rendered":"\r\n<h1>We are the Compa\u00f1\u00eda Nacional de Chocolates de Per\u00fa S.A<\/h1>\r\n<p>We seek to improve the life quality of our customers through our brands and products, please our customers with a superior service and contribute to the development of our people.<\/p>\r\n","protected":false},"excerpt":{"rendered":"<p>We are the Compa\u00f1\u00eda Nacional de Chocolates de Per\u00fa S.A We seek to improve the life quality of our customers through our brands and products, please our customers with a superior service and contribute to the development of our people.<\/p>\n","protected":false},"author":32,"featured_media":6545,"parent":0,"menu_order":0,"comment_status":"closed","ping_status":"closed","template":"template-quienes-somos.php","meta":{"_acf_changed":false,"footnotes":""},"class_list":["post-6418","page","type-page","status-publish","has-post-thumbnail","hentry"],"acf":[],"_links":{"self":[{"href":"https:\/\/chocolates.com.pe\/en\/wp-json\/wp\/v2\/pages\/6418","targetHints":{"allow":["GET"]}}],"collection":[{"href":"https:\/\/chocolates.com.pe\/en\/wp-json\/wp\/v2\/pages"}],"about":[{"href":"https:\/\/chocolates.com.pe\/en\/wp-json\/wp\/v2\/types\/page"}],"author":[{"embeddable":true,"href":"https:\/\/chocolates.com.pe\/en\/wp-json\/wp\/v2\/users\/32"}],"replies":[{"embeddable":true,"href":"https:\/\/chocolates.com.pe\/en\/wp-json\/wp\/v2\/comments?post=6418"}],"version-history":[{"count":32,"href":"https:\/\/chocolates.com.pe\/en\/wp-json\/wp\/v2\/pages\/6418\/revisions"}],"predecessor-version":[{"id":29142,"href":"https:\/\/chocolates.com.pe\/en\/wp-json\/wp\/v2\/pages\/6418\/revisions\/29142"}],"wp:featuredmedia":[{"embeddable":true,"href":"https:\/\/chocolates.com.pe\/en\/wp-json\/wp\/v2\/media\/6545"}],"wp:attachment":[{"href":"https:\/\/chocolates.com.pe\/en\/wp-json\/wp\/v2\/media?parent=6418"}],"curies":[{"name":"wp","href":"https:\/\/api.w.org\/{rel}","templated":true}]}}