{"id":6595,"date":"2019-01-08T16:03:54","date_gmt":"2019-01-08T16:03:54","guid":{"rendered":"https:\/\/chocolatesperuanos.com\/politicas\/"},"modified":"2022-02-02T17:16:57","modified_gmt":"2022-02-02T22:16:57","slug":"politics","status":"publish","type":"page","link":"https:\/\/chocolates.com.pe\/en\/politics\/","title":{"rendered":"Politics"},"content":{"rendered":"\r\n<p>At the Compa\u00f1\u00eda Nacional de Chocolates de Per\u00fa, acting in accordance with the Grupo Nutresa\u2019s corporate \u0301s principles and values and in line with our mission, vision and strategic direction, we have adopted an Integral Management Policy.<\/p>\r\n<p>Likewise, we have a Personal Data Protection Policy.<\/p>\r\n","protected":false},"excerpt":{"rendered":"<p>At the Compa\u00f1\u00eda Nacional de Chocolates de Per\u00fa, acting in accordance with the Grupo Nutresa\u2019s corporate \u0301s principles and values and in line with our mission, vision and strategic direction, we have adopted an Integral Management Policy. Likewise, we have a Personal Data Protection Policy.<\/p>\n","protected":false},"author":32,"featured_media":17746,"parent":0,"menu_order":0,"comment_status":"closed","ping_status":"closed","template":"template-politicas.php","meta":{"_acf_changed":false,"footnotes":""},"class_list":["post-6595","page","type-page","status-publish","has-post-thumbnail","hentry"],"acf":[],"_links":{"self":[{"href":"https:\/\/chocolates.com.pe\/en\/wp-json\/wp\/v2\/pages\/6595","targetHints":{"allow":["GET"]}}],"collection":[{"href":"https:\/\/chocolates.com.pe\/en\/wp-json\/wp\/v2\/pages"}],"about":[{"href":"https:\/\/chocolates.com.pe\/en\/wp-json\/wp\/v2\/types\/page"}],"author":[{"embeddable":true,"href":"https:\/\/chocolates.com.pe\/en\/wp-json\/wp\/v2\/users\/32"}],"replies":[{"embeddable":true,"href":"https:\/\/chocolates.com.pe\/en\/wp-json\/wp\/v2\/comments?post=6595"}],"version-history":[{"count":17,"href":"https:\/\/chocolates.com.pe\/en\/wp-json\/wp\/v2\/pages\/6595\/revisions"}],"predecessor-version":[{"id":17735,"href":"https:\/\/chocolates.com.pe\/en\/wp-json\/wp\/v2\/pages\/6595\/revisions\/17735"}],"wp:featuredmedia":[{"embeddable":true,"href":"https:\/\/chocolates.com.pe\/en\/wp-json\/wp\/v2\/media\/17746"}],"wp:attachment":[{"href":"https:\/\/chocolates.com.pe\/en\/wp-json\/wp\/v2\/media?parent=6595"}],"curies":[{"name":"wp","href":"https:\/\/api.w.org\/{rel}","templated":true}]}}